{"id":3929,"date":"2021-03-27T00:31:21","date_gmt":"2021-03-26T21:31:21","guid":{"rendered":"https:\/\/www.ongurpartners.com\/?page_id=3929"},"modified":"2021-12-11T12:52:55","modified_gmt":"2021-12-11T12:52:55","slug":"legal-trainee-cansu-yildirim","status":"publish","type":"page","link":"https:\/\/www.ongurpartners.com\/it\/legal-trainee-cansu-yildirim","title":{"rendered":"Avvocatessa Cansu YILDIRIM"},"content":{"rendered":"<p>[vc_row][vc_column width=&#8221;1\/4&#8243;][vc_single_image image=&#8221;3940&#8243; img_size=&#8221;medium&#8221;][\/vc_column][vc_column width=&#8221;3\/4&#8243;]<div class=\"aio-icon-component    style_1\"><div id=\"Info-box-wrap-8157\" class=\"aio-icon-box default-icon\" style=\"\"  ><div class=\"aio-icon-header\" ><h2 class=\"aio-icon-title ult-responsive\"  data-ultimate-target='#Info-box-wrap-8157 .aio-icon-title'  data-responsive-json-new='{\"font-size\":\"desktop:20px;\",\"line-height\":\"desktop:32px;\"}'  style=\"\">Avvocatessa Cansu YILDIRIM<\/h2><\/div> <!-- header --><div class=\"aio-icon-description ult-responsive\"  data-ultimate-target='#Info-box-wrap-8157 .aio-icon-description'  data-responsive-json-new='{\"font-size\":\"desktop:20px;\",\"line-height\":\"desktop:28px;\"}'  style=\"\"><\/p>\n<p style=\"text-align: justify;\">Cansu YILDIRIM si \u00e8 laureato nel 2020 presso la facolt\u00e0 di legge dell&#8217;Universit\u00e0 di Ankara. Ha completato un programma di certificazione sul diritto del mercato dei capitali, organizzato dal Consiglio dei Mercati dei Capitali della Turchia. Prima di entrare a far parte del nostro team, ha preso parte a diversi progetti come volontaria e partecipante, compreso il Progetto Violenza Domestica, nell&#8217;ambito del Progetto Clinica Giuridica ospitato dalla Facolt\u00e0 di Giurisprudenza dell&#8217;Universit\u00e0 di Ankara, con l&#8217;obiettivo di formare studenti di giurisprudenza su clausole e accordi etici, e aiutare le donne vittime di violenza domestica. Ha studiato in Italia come studentessa Erasmus per due semestri durante ogni corso di laurea, dove ha seguito corsi di Diritto Internazionale Privato, Diritto dell&#8217;Unione Europea. Attualmente sta completando i suoi studi post-laurea in Diritto Privato presso l&#8217;Universit\u00e0 At\u0131l\u0131m con specializzazione in contrattualistica internazionale. Si occupa di diritto degli investimenti, diritto dei mercati dei capitali, diritto commerciale internazionale e diritto dei contratti internazionali. Parla correntemente inglese ed italiano.<\/p>\n<p><\/div> <!-- description --><\/div> <!-- aio-icon-box --><\/div> <!-- aio-icon-component -->[\/vc_column][\/vc_row]<\/p>\n","protected":false},"excerpt":{"rendered":"<p>[vc_row][vc_column width=&#8221;1\/4&#8243;][vc_single_image image=&#8221;3940&#8243; img_size=&#8221;medium&#8221;][\/vc_column][vc_column width=&#8221;3\/4&#8243;][\/vc_column][\/vc_row]<\/p>\n","protected":false},"author":1,"featured_media":0,"parent":0,"menu_order":0,"comment_status":"closed","ping_status":"closed","template":"","meta":{"_stopmodifiedupdate":false,"_modified_date":""},"_links":{"self":[{"href":"https:\/\/www.ongurpartners.com\/it\/wp-json\/wp\/v2\/pages\/3929"}],"collection":[{"href":"https:\/\/www.ongurpartners.com\/it\/wp-json\/wp\/v2\/pages"}],"about":[{"href":"https:\/\/www.ongurpartners.com\/it\/wp-json\/wp\/v2\/types\/page"}],"author":[{"embeddable":true,"href":"https:\/\/www.ongurpartners.com\/it\/wp-json\/wp\/v2\/users\/1"}],"replies":[{"embeddable":true,"href":"https:\/\/www.ongurpartners.com\/it\/wp-json\/wp\/v2\/comments?post=3929"}],"version-history":[{"count":0,"href":"https:\/\/www.ongurpartners.com\/it\/wp-json\/wp\/v2\/pages\/3929\/revisions"}],"wp:attachment":[{"href":"https:\/\/www.ongurpartners.com\/it\/wp-json\/wp\/v2\/media?parent=3929"}],"curies":[{"name":"wp","href":"https:\/\/api.w.org\/{rel}","templated":true}]}}