{"id":3730,"date":"2018-08-01T11:37:22","date_gmt":"2018-08-01T08:37:22","guid":{"rendered":"https:\/\/ongurpartners.com\/?page_id=3730"},"modified":"2026-04-09T15:29:52","modified_gmt":"2026-04-09T12:29:52","slug":"contact-page","status":"publish","type":"page","link":"https:\/\/www.ongurpartners.com\/it\/contact-page","title":{"rendered":"CONTATTO"},"content":{"rendered":"\t\t<div data-elementor-type=\"wp-page\" data-elementor-id=\"3730\" class=\"elementor elementor-3730\">\n\t\t\t\t<div class=\"elementor-element elementor-element-5a1cdad e-flex e-con-boxed e-con e-parent\" data-id=\"5a1cdad\" data-element_type=\"container\" data-e-type=\"container\" data-settings=\"{&quot;background_background&quot;:&quot;classic&quot;}\">\n\t\t\t\t\t<div class=\"e-con-inner\">\n\t\t<div class=\"elementor-element elementor-element-10dfa28 e-con-full e-flex e-con e-child\" data-id=\"10dfa28\" data-element_type=\"container\" data-e-type=\"container\">\n\t\t\t\t<div class=\"elementor-element elementor-element-e5fad23 elementor-widget elementor-widget-heading\" data-id=\"e5fad23\" data-element_type=\"widget\" data-e-type=\"widget\" data-widget_type=\"heading.default\">\n\t\t\t\t<div class=\"elementor-widget-container\">\n\t\t\t\t\t<h2 class=\"elementor-heading-title elementor-size-default\">CONTATTO\n<\/h2>\t\t\t\t<\/div>\n\t\t\t\t<\/div>\n\t\t\t\t<div class=\"elementor-element elementor-element-7fc0b4d elementor-widget elementor-widget-heading\" data-id=\"7fc0b4d\" data-element_type=\"widget\" data-e-type=\"widget\" data-widget_type=\"heading.default\">\n\t\t\t\t<div class=\"elementor-widget-container\">\n\t\t\t\t\t<h2 class=\"elementor-heading-title elementor-size-default\">LA NOSTRA SEDE IN TURCHIA\n<\/h2>\t\t\t\t<\/div>\n\t\t\t\t<\/div>\n\t\t\t\t<\/div>\n\t\t\t\t\t<\/div>\n\t\t\t\t<\/div>\n\t\t<div class=\"elementor-element elementor-element-c70396e e-flex e-con-boxed e-con e-parent\" data-id=\"c70396e\" data-element_type=\"container\" data-e-type=\"container\">\n\t\t\t\t\t<div class=\"e-con-inner\">\n\t\t<div class=\"elementor-element elementor-element-471f817 e-con-full e-flex e-con e-child\" data-id=\"471f817\" data-element_type=\"container\" data-e-type=\"container\">\n\t\t\t\t<div class=\"elementor-element elementor-element-4dbb916 uael-heading-align-left elementor-widget elementor-widget-uael-advanced-heading\" data-id=\"4dbb916\" data-element_type=\"widget\" data-e-type=\"widget\" data-widget_type=\"uael-advanced-heading.default\">\n\t\t\t\t<div class=\"elementor-widget-container\">\n\t\t\t\t\t\n\t\t<div class=\"uael-module-content uael-heading-wrapper\">\n\t\t\t\t\t\t\n\t\t\t<h2 class=\"uael-heading\">\n\t\t\t\t\t\t\t\t\t\t<span class=\"uael-heading-text elementor-inline-editing uael-size--large\" data-elementor-setting-key=\"heading_title\" data-elementor-inline-editing-toolbar=\"basic\">Ufficio di Ankara\n<\/span>\n\t\t\t\t\t\t\t<\/h2>\n\n\t\t\t\n\t\t\t\t\t\t<div class=\"uael-module-content uael-separator-parent\">\n\t\t\t\t\t\t\t\t<div class=\"uael-separator-wrap\">\n\t\t\t\t\t<div class=\"uael-separator-line uael-side-left\">\n\t\t\t\t\t\t<span><\/span>\n\t\t\t\t\t<\/div>\n\t\t\t\t\t<div class=\"uael-divider-content\">\n\t\t\t\t\t\t\t\t\t\t\t\t<h6 class=\"uael-divider-text elementor-inline-editing\" data-elementor-setting-key=\"heading_line_text\" data-elementor-inline-editing-toolbar=\"basic\">Av. Arzu ONGUR<\/h6>\n\t\t\t\t\t<\/div>\n\t\t\t\t\t<div class=\"uael-separator-line uael-side-right\">\n\t\t\t\t\t\t<span><\/span>\n\t\t\t\t\t<\/div>\n\t\t\t\t<\/div>\n\t\t\t\t\t\t\t\t\t\t<\/div>\n\t\t\t\n\t\t\t\n\t\t\t\t\t\t<\/div>\n\t\t\t\t\t\t<\/div>\n\t\t\t\t<\/div>\n\t\t\t\t<div class=\"elementor-element elementor-element-28a7af4 elementor-widget elementor-widget-text-editor\" data-id=\"28a7af4\" data-element_type=\"widget\" data-e-type=\"widget\" data-widget_type=\"text-editor.default\">\n\t\t\t\t<div class=\"elementor-widget-container\">\n\t\t\t\t\t\t\t\t\t<p><strong>E-mail:<\/strong> <a href=\"mailto:contact@ongurpartners.com\"><b>contact@ongurpartners.com<\/b><\/a><br \/><strong>Indirizzo:<\/strong> Portakal \u00c7i\u00e7e\u011fi Rezidans Kat:9<br \/>No:43 Aziziye Mah. Pak. Sok.\u00a0 \u00c7ankaya\/Ankara\u00a0<br \/><strong>Telefono :<\/strong> <a href=\"tel:+90 532 707 51 13\">+90 532 707 51 13<\/a><\/p>\t\t\t\t\t\t\t\t<\/div>\n\t\t\t\t<\/div>\n\t\t\t\t<\/div>\n\t\t<div class=\"elementor-element elementor-element-a454e00 e-con-full e-flex e-con e-child\" data-id=\"a454e00\" data-element_type=\"container\" data-e-type=\"container\">\n\t\t\t\t<div class=\"elementor-element elementor-element-e816f05 elementor-widget elementor-widget-text-editor\" data-id=\"e816f05\" data-element_type=\"widget\" data-e-type=\"widget\" data-widget_type=\"text-editor.default\">\n\t\t\t\t<div class=\"elementor-widget-container\">\n\t\t\t\t\t\t\t\t\t<iframe tabindex=\"0\" data-src=\"https:\/\/www.google.com\/maps\/embed?pb=!1m18!1m12!1m3!1d3060.5287461580565!2d32.85750221474458!3d39.90718209439585!2m3!1f0!2f0!3f0!3m2!1i1024!2i768!4f13.1!3m3!1m2!1s0x14d34fae63f83943%3A0x6fc8a006ce801bfb!2sOngur%20%26%20Partners%20International%20Law%20Firm!5e0!3m2!1str!2str!4v1592572349392!5m2!1str!2str\" width=\"600\" height=\"250\" frameborder=\"0\" allowfullscreen=\"allowfullscreen\" aria-hidden=\"false\" src=\"data:image\/svg+xml;base64,PHN2ZyB3aWR0aD0iMSIgaGVpZ2h0PSIxIiB4bWxucz0iaHR0cDovL3d3dy53My5vcmcvMjAwMC9zdmciPjwvc3ZnPg==\" class=\"lazyload\" data-load-mode=\"1\"><\/iframe>\t\t\t\t\t\t\t\t<\/div>\n\t\t\t\t<\/div>\n\t\t\t\t<\/div>\n\t\t\t\t\t<\/div>\n\t\t\t\t<\/div>\n\t\t<div class=\"elementor-element elementor-element-6434923 e-flex e-con-boxed e-con e-parent\" data-id=\"6434923\" data-element_type=\"container\" data-e-type=\"container\">\n\t\t\t\t\t<div class=\"e-con-inner\">\n\t\t<div class=\"elementor-element elementor-element-0618361 e-con-full e-flex e-con e-child\" data-id=\"0618361\" data-element_type=\"container\" data-e-type=\"container\">\n\t\t\t\t<div class=\"elementor-element elementor-element-8811fba elementor-widget-divider--view-line elementor-widget elementor-widget-divider\" data-id=\"8811fba\" data-element_type=\"widget\" data-e-type=\"widget\" data-widget_type=\"divider.default\">\n\t\t\t\t<div class=\"elementor-widget-container\">\n\t\t\t\t\t\t\t<div class=\"elementor-divider\">\n\t\t\t<span class=\"elementor-divider-separator\">\n\t\t\t\t\t\t<\/span>\n\t\t<\/div>\n\t\t\t\t\t\t<\/div>\n\t\t\t\t<\/div>\n\t\t\t\t<\/div>\n\t\t\t\t\t<\/div>\n\t\t\t\t<\/div>\n\t\t<div class=\"elementor-element elementor-element-76fbb9d e-flex e-con-boxed e-con e-parent\" data-id=\"76fbb9d\" data-element_type=\"container\" data-e-type=\"container\">\n\t\t\t\t\t<div class=\"e-con-inner\">\n\t\t<div class=\"elementor-element elementor-element-fa2dacc e-con-full e-flex e-con e-child\" data-id=\"fa2dacc\" data-element_type=\"container\" data-e-type=\"container\">\n\t\t\t\t<div class=\"elementor-element elementor-element-4907d3a uael-heading-align-left elementor-widget elementor-widget-uael-advanced-heading\" data-id=\"4907d3a\" data-element_type=\"widget\" data-e-type=\"widget\" data-widget_type=\"uael-advanced-heading.default\">\n\t\t\t\t<div class=\"elementor-widget-container\">\n\t\t\t\t\t\n\t\t<div class=\"uael-module-content uael-heading-wrapper\">\n\t\t\t\t\t\t\n\t\t\t<h2 class=\"uael-heading\">\n\t\t\t\t\t\t\t\t\t\t<span class=\"uael-heading-text elementor-inline-editing uael-size--large\" data-elementor-setting-key=\"heading_title\" data-elementor-inline-editing-toolbar=\"basic\">Ufficio di Istanbul<\/span>\n\t\t\t\t\t\t\t<\/h2>\n\n\t\t\t\n\t\t\t\t\t\t<div class=\"uael-module-content uael-separator-parent\">\n\t\t\t\t\t\t\t\t<div class=\"uael-separator-wrap\">\n\t\t\t\t\t<div class=\"uael-separator-line uael-side-left\">\n\t\t\t\t\t\t<span><\/span>\n\t\t\t\t\t<\/div>\n\t\t\t\t\t<div class=\"uael-divider-content\">\n\t\t\t\t\t\t\t\t\t\t\t\t<h6 class=\"uael-divider-text elementor-inline-editing\" data-elementor-setting-key=\"heading_line_text\" data-elementor-inline-editing-toolbar=\"basic\">Av. Arzu ONGUR<\/h6>\n\t\t\t\t\t<\/div>\n\t\t\t\t\t<div class=\"uael-separator-line uael-side-right\">\n\t\t\t\t\t\t<span><\/span>\n\t\t\t\t\t<\/div>\n\t\t\t\t<\/div>\n\t\t\t\t\t\t\t\t\t\t<\/div>\n\t\t\t\n\t\t\t\n\t\t\t\t\t\t<\/div>\n\t\t\t\t\t\t<\/div>\n\t\t\t\t<\/div>\n\t\t\t\t<div class=\"elementor-element elementor-element-5e4007e elementor-widget elementor-widget-text-editor\" data-id=\"5e4007e\" data-element_type=\"widget\" data-e-type=\"widget\" data-widget_type=\"text-editor.default\">\n\t\t\t\t<div class=\"elementor-widget-container\">\n\t\t\t\t\t\t\t\t\t<p><strong>E-mail:\u00a0<a href=\"mailto:contact@ongurpartners.com\">contact@ongurpartners.com<\/a><br \/>Indirizzo: <\/strong>Esentepe Mah. Kore \u015eehitleri Cad. <br \/>No:16\/1 Kat:17 Daire:103 \u015ei\u015fli\/\u0130stanbul<br \/><strong>Telefono : <\/strong><a href=\"tel:+905327075113\">+90 532 707 51 13<\/a><\/p>\t\t\t\t\t\t\t\t<\/div>\n\t\t\t\t<\/div>\n\t\t\t\t<\/div>\n\t\t<div class=\"elementor-element elementor-element-2a142f5 e-con-full e-flex e-con e-child\" data-id=\"2a142f5\" data-element_type=\"container\" data-e-type=\"container\">\n\t\t\t\t<div class=\"elementor-element elementor-element-be38f5e elementor-widget elementor-widget-text-editor\" data-id=\"be38f5e\" data-element_type=\"widget\" data-e-type=\"widget\" data-widget_type=\"text-editor.default\">\n\t\t\t\t<div class=\"elementor-widget-container\">\n\t\t\t\t\t\t\t\t\t<iframe tabindex=\"0\" data-src=\"https:\/\/www.google.com\/maps\/embed?pb=!1m18!1m12!1m3!1d3060.5287461580565!2d32.85750221474458!3d39.90718209439585!2m3!1f0!2f0!3f0!3m2!1i1024!2i768!4f13.1!3m3!1m2!1s0x14d34fae63f83943%3A0x6fc8a006ce801bfb!2sOngur%20%26%20Partners%20International%20Law%20Firm!5e0!3m2!1str!2str!4v1592572349392!5m2!1str!2str\" width=\"600\" height=\"250\" frameborder=\"0\" allowfullscreen=\"allowfullscreen\" aria-hidden=\"false\" src=\"data:image\/svg+xml;base64,PHN2ZyB3aWR0aD0iMSIgaGVpZ2h0PSIxIiB4bWxucz0iaHR0cDovL3d3dy53My5vcmcvMjAwMC9zdmciPjwvc3ZnPg==\" class=\"lazyload\" data-load-mode=\"1\"><\/iframe>\t\t\t\t\t\t\t\t<\/div>\n\t\t\t\t<\/div>\n\t\t\t\t<\/div>\n\t\t\t\t\t<\/div>\n\t\t\t\t<\/div>\n\t\t\t\t<\/div>\n\t\t","protected":false},"excerpt":{"rendered":"<p>CONTATTO LA NOSTRA SEDE IN TURCHIA Ufficio di Ankara Av. Arzu ONGUR E-mail: contact@ongurpartners.comIndirizzo: Portakal \u00c7i\u00e7e\u011fi Rezidans Kat:9No:43 Aziziye Mah. Pak. Sok.\u00a0 \u00c7ankaya\/Ankara\u00a0Telefono : +90 532 707 51 13 Ufficio di Istanbul Av. Arzu ONGUR E-mail:\u00a0contact@ongurpartners.comIndirizzo: Esentepe Mah. Kore \u015eehitleri Cad. No:16\/1 Kat:17 Daire:103 \u015ei\u015fli\/\u0130stanbulTelefono : +90 532 707 51 13<\/p>\n","protected":false},"author":1,"featured_media":0,"parent":0,"menu_order":0,"comment_status":"closed","ping_status":"closed","template":"","meta":{"_stopmodifiedupdate":false,"_modified_date":"","_uag_custom_page_level_css":"","site-sidebar-layout":"default","site-content-layout":"","ast-site-content-layout":"full-width-container","site-content-style":"unboxed","site-sidebar-style":"default","ast-global-header-display":"","ast-banner-title-visibility":"","ast-main-header-display":"","ast-hfb-above-header-display":"","ast-hfb-below-header-display":"","ast-hfb-mobile-header-display":"","site-post-title":"disabled","ast-breadcrumbs-content":"","ast-featured-img":"","footer-sml-layout":"","ast-disable-related-posts":"","theme-transparent-header-meta":"default","adv-header-id-meta":"","stick-header-meta":"default","header-above-stick-meta":"","header-main-stick-meta":"","header-below-stick-meta":"","astra-migrate-meta-layouts":"set","ast-page-background-enabled":"default","ast-page-background-meta":{"desktop":{"background-color":"","background-image":"","background-repeat":"repeat","background-position":"center center","background-size":"auto","background-attachment":"scroll","background-type":"","background-media":"","overlay-type":"","overlay-color":"","overlay-opacity":"","overlay-gradient":""},"tablet":{"background-color":"","background-image":"","background-repeat":"repeat","background-position":"center center","background-size":"auto","background-attachment":"scroll","background-type":"","background-media":"","overlay-type":"","overlay-color":"","overlay-opacity":"","overlay-gradient":""},"mobile":{"background-color":"","background-image":"","background-repeat":"repeat","background-position":"center center","background-size":"auto","background-attachment":"scroll","background-type":"","background-media":"","overlay-type":"","overlay-color":"","overlay-opacity":"","overlay-gradient":""}},"ast-content-background-meta":{"desktop":{"background-color":"var(--ast-global-color-5)","background-image":"","background-repeat":"repeat","background-position":"center center","background-size":"auto","background-attachment":"scroll","background-type":"","background-media":"","overlay-type":"","overlay-color":"","overlay-opacity":"","overlay-gradient":""},"tablet":{"background-color":"var(--ast-global-color-5)","background-image":"","background-repeat":"repeat","background-position":"center center","background-size":"auto","background-attachment":"scroll","background-type":"","background-media":"","overlay-type":"","overlay-color":"","overlay-opacity":"","overlay-gradient":""},"mobile":{"background-color":"var(--ast-global-color-5)","background-image":"","background-repeat":"repeat","background-position":"center center","background-size":"auto","background-attachment":"scroll","background-type":"","background-media":"","overlay-type":"","overlay-color":"","overlay-opacity":"","overlay-gradient":""}},"footnotes":""},"class_list":["post-3730","page","type-page","status-publish","hentry"],"uagb_featured_image_src":{"full":false,"thumbnail":false,"medium":false,"medium_large":false,"large":false,"1536x1536":false,"2048x2048":false},"uagb_author_info":{"display_name":"Ongur Partners Law Firm","author_link":"https:\/\/www.ongurpartners.com\/it\/author\/admin"},"uagb_comment_info":0,"uagb_excerpt":"CONTATTO LA NOSTRA SEDE IN TURCHIA Ufficio di Ankara Av. Arzu ONGUR E-mail: contact@ongurpartners.comIndirizzo: Portakal \u00c7i\u00e7e\u011fi Rezidans Kat:9No:43 Aziziye Mah. Pak. Sok.\u00a0 \u00c7ankaya\/Ankara\u00a0Telefono : +90 532 707 51 13 Ufficio di Istanbul Av. Arzu ONGUR E-mail:\u00a0contact@ongurpartners.comIndirizzo: Esentepe Mah. Kore \u015eehitleri Cad. No:16\/1 Kat:17 Daire:103 \u015ei\u015fli\/\u0130stanbulTelefono : +90 532 707 51 13","_links":{"self":[{"href":"https:\/\/www.ongurpartners.com\/it\/wp-json\/wp\/v2\/pages\/3730","targetHints":{"allow":["GET"]}}],"collection":[{"href":"https:\/\/www.ongurpartners.com\/it\/wp-json\/wp\/v2\/pages"}],"about":[{"href":"https:\/\/www.ongurpartners.com\/it\/wp-json\/wp\/v2\/types\/page"}],"author":[{"embeddable":true,"href":"https:\/\/www.ongurpartners.com\/it\/wp-json\/wp\/v2\/users\/1"}],"replies":[{"embeddable":true,"href":"https:\/\/www.ongurpartners.com\/it\/wp-json\/wp\/v2\/comments?post=3730"}],"version-history":[{"count":1,"href":"https:\/\/www.ongurpartners.com\/it\/wp-json\/wp\/v2\/pages\/3730\/revisions"}],"predecessor-version":[{"id":7042,"href":"https:\/\/www.ongurpartners.com\/it\/wp-json\/wp\/v2\/pages\/3730\/revisions\/7042"}],"wp:attachment":[{"href":"https:\/\/www.ongurpartners.com\/it\/wp-json\/wp\/v2\/media?parent=3730"}],"curies":[{"name":"wp","href":"https:\/\/api.w.org\/{rel}","templated":true}]}}